{"id":106,"date":"2020-10-10T21:38:53","date_gmt":"2020-10-10T21:38:53","guid":{"rendered":"https:\/\/huskycamp-nayeli.de\/cms\/?page_id=106"},"modified":"2020-11-11T10:32:58","modified_gmt":"2020-11-11T10:32:58","slug":"impressum","status":"publish","type":"page","link":"https:\/\/huskycamp-nayeli.de\/?page_id=106","title":{"rendered":"Impressum"},"content":{"rendered":"<p>[et_pb_section fb_built=&#8220;1&#8243; _builder_version=&#8220;4.6.5&#8243; _module_preset=&#8220;default&#8220;][et_pb_row column_structure=&#8220;3_5,2_5&#8243; _builder_version=&#8220;4.6.5&#8243; _module_preset=&#8220;default&#8220;][et_pb_column type=&#8220;3_5&#8243; _builder_version=&#8220;4.6.5&#8243; _module_preset=&#8220;default&#8220;][et_pb_text _builder_version=&#8220;4.6.6&#8243; _module_preset=&#8220;default&#8220; hover_enabled=&#8220;0&#8243; sticky_enabled=&#8220;0&#8243;]<\/p>\n<h4 style=\"text-align: center;\"><strong>Impressum<\/strong><\/h4>\n<p style=\"text-align: center;\">Karine Mastroleo<br \/>Byv\u00e4gen 48<br \/>98207 Nattavaaraby<br \/>Norrbotton \/ Schweden<\/p>\n<p style=\"text-align: center;\">Telefon:\u00a0<span class=\"d2edcug0 hpfvmrgz qv66sw1b c1et5uql rrkovp55 a8c37x1j keod5gw0 nxhoafnm aigsh9s9 d3f4x2em fe6kdd0r mau55g9w c8b282yb iv3no6db jq4qci2q a3bd9o3v knj5qynh oo9gr5id hzawbc8m\" dir=\"auto\"><span class=\"d2edcug0 hpfvmrgz qv66sw1b c1et5uql rrkovp55 jq4qci2q a3bd9o3v knj5qynh oo9gr5id\">+49 163 7846479<\/span><\/span><\/p>\n<p style=\"text-align: center;\">Mail: info@huskycamp-nayeli.de<\/p>\n<p style=\"text-align: center;\">Ust-ID: SE<\/p>\n<p style=\"text-align: center;\">Zur Datenschutzerkl\u00e4rung<\/p>\n<p style=\"text-align: center;\"><a title=\"Kontakt\" href=\"https:\/\/huskycamp-nayeli.de\/cms\/index.php\/kontakt\/\">Zum Kontaktformular<br \/><\/a><\/p>\n<p style=\"text-align: center;\"><strong>Verantwortlich f\u00fcr den Inhalt gem\u00e4\u00df\u00a0\u00a7 55 Abs. 2 RStV:<br \/><\/strong>Karine Mastroleo<\/p>\n<p style=\"text-align: center;\"><strong>Gestaltung \/ Hosting \/ Technik<br \/><\/strong><a title=\"www.polarweb.eu\" href=\"http:\/\/www.polarweb.eu\/\" target=\"_blank\" rel=\"noopener noreferrer\">www.polarweb.eu<\/a><\/p>\n<p style=\"text-align: center;\"><strong>Bildnachweise:<br \/><\/strong>\u00a0A.Barth, K.Mastroleo<\/p>\n<p>[\/et_pb_text][\/et_pb_column][et_pb_column type=&#8220;2_5&#8243; _builder_version=&#8220;4.6.5&#8243; _module_preset=&#8220;default&#8220;][\/et_pb_column][\/et_pb_row][\/et_pb_section]<\/p>\n","protected":false},"excerpt":{"rendered":"<p>Impressum Karine MastroleoByv\u00e4gen 4898207 NattavaarabyNorrbotton \/ Schweden Telefon:\u00a0+49 163 7846479 Mail: info@huskycamp-nayeli.de Ust-ID: SE Zur Datenschutzerkl\u00e4rung Zum Kontaktformular Verantwortlich f\u00fcr den Inhalt gem\u00e4\u00df\u00a0\u00a7 55 Abs. 2 RStV:Karine Mastroleo Gestaltung \/ Hosting \/ Technikwww.polarweb.eu Bildnachweise:\u00a0A.Barth, K.Mastroleo<\/p>\n","protected":false},"author":1,"featured_media":0,"parent":0,"menu_order":0,"comment_status":"closed","ping_status":"closed","template":"","meta":{"_et_pb_use_builder":"on","_et_pb_old_content":"","_et_gb_content_width":"","footnotes":""},"_links":{"self":[{"href":"https:\/\/huskycamp-nayeli.de\/index.php?rest_route=\/wp\/v2\/pages\/106"}],"collection":[{"href":"https:\/\/huskycamp-nayeli.de\/index.php?rest_route=\/wp\/v2\/pages"}],"about":[{"href":"https:\/\/huskycamp-nayeli.de\/index.php?rest_route=\/wp\/v2\/types\/page"}],"author":[{"embeddable":true,"href":"https:\/\/huskycamp-nayeli.de\/index.php?rest_route=\/wp\/v2\/users\/1"}],"replies":[{"embeddable":true,"href":"https:\/\/huskycamp-nayeli.de\/index.php?rest_route=%2Fwp%2Fv2%2Fcomments&post=106"}],"version-history":[{"count":4,"href":"https:\/\/huskycamp-nayeli.de\/index.php?rest_route=\/wp\/v2\/pages\/106\/revisions"}],"predecessor-version":[{"id":344,"href":"https:\/\/huskycamp-nayeli.de\/index.php?rest_route=\/wp\/v2\/pages\/106\/revisions\/344"}],"wp:attachment":[{"href":"https:\/\/huskycamp-nayeli.de\/index.php?rest_route=%2Fwp%2Fv2%2Fmedia&parent=106"}],"curies":[{"name":"wp","href":"https:\/\/api.w.org\/{rel}","templated":true}]}}