{"id":232,"date":"2020-10-11T21:08:17","date_gmt":"2020-10-11T21:08:17","guid":{"rendered":"https:\/\/huskycamp-nayeli.de\/cms\/?page_id=232"},"modified":"2023-04-29T09:59:35","modified_gmt":"2023-04-29T09:59:35","slug":"fjaelltouren","status":"publish","type":"page","link":"https:\/\/huskycamp-nayeli.de\/?page_id=232","title":{"rendered":"Fj\u00e4lltouren"},"content":{"rendered":"<p>[et_pb_section fb_built=&#8220;1&#8243; _builder_version=&#8220;4.16&#8243; _module_preset=&#8220;default&#8220; global_colors_info=&#8220;{}&#8220;][et_pb_row _builder_version=&#8220;4.16&#8243; _module_preset=&#8220;default&#8220; width=&#8220;100%&#8220; max_width=&#8220;2560px&#8220; global_colors_info=&#8220;{}&#8220;][et_pb_column type=&#8220;4_4&#8243; _builder_version=&#8220;4.16&#8243; _module_preset=&#8220;default&#8220; global_colors_info=&#8220;{}&#8220;][et_pb_image src=&#8220;https:\/\/huskycamp-nayeli.de\/cms\/wp-content\/uploads\/2020\/10\/fjall1titel.jpg&#8220; title_text=&#8220;fjall1titel&#8220; _builder_version=&#8220;4.16&#8243; _module_preset=&#8220;default&#8220; global_colors_info=&#8220;{}&#8220;][\/et_pb_image][\/et_pb_column][\/et_pb_row][et_pb_row column_structure=&#8220;2_5,3_5&#8243; _builder_version=&#8220;4.16&#8243; _module_preset=&#8220;default&#8220; global_colors_info=&#8220;{}&#8220;][et_pb_column type=&#8220;2_5&#8243; _builder_version=&#8220;4.16&#8243; _module_preset=&#8220;default&#8220; global_colors_info=&#8220;{}&#8220;][et_pb_image src=&#8220;https:\/\/huskycamp-nayeli.de\/cms\/wp-content\/uploads\/2020\/10\/fjell1.jpg&#8220; title_text=&#8220;fjell1&#8243; align=&#8220;center&#8220; _builder_version=&#8220;4.16&#8243; _module_preset=&#8220;default&#8220; global_colors_info=&#8220;{}&#8220;][\/et_pb_image][et_pb_image src=&#8220;https:\/\/huskycamp-nayeli.de\/cms\/wp-content\/uploads\/2020\/10\/fjaell3.jpg&#8220; title_text=&#8220;fj\u00e4ll3&#8243; align=&#8220;center&#8220; _builder_version=&#8220;4.16&#8243; _module_preset=&#8220;default&#8220; global_colors_info=&#8220;{}&#8220;][\/et_pb_image][et_pb_image src=&#8220;https:\/\/huskycamp-nayeli.de\/cms\/wp-content\/uploads\/2020\/10\/fjaell1.jpg&#8220; title_text=&#8220;fj\u00e4ll1&#8243; align=&#8220;center&#8220; _builder_version=&#8220;4.16&#8243; _module_preset=&#8220;default&#8220; global_colors_info=&#8220;{}&#8220;][\/et_pb_image][et_pb_image src=&#8220;https:\/\/huskycamp-nayeli.de\/cms\/wp-content\/uploads\/2020\/10\/fjaell2.jpg&#8220; title_text=&#8220;fj\u00e4ll2&#8243; align=&#8220;center&#8220; _builder_version=&#8220;4.16&#8243; _module_preset=&#8220;default&#8220; global_colors_info=&#8220;{}&#8220;][\/et_pb_image][\/et_pb_column][et_pb_column type=&#8220;3_5&#8243; _builder_version=&#8220;4.16&#8243; _module_preset=&#8220;default&#8220; global_colors_info=&#8220;{}&#8220;][et_pb_text _builder_version=&#8220;4.16&#8243; _module_preset=&#8220;default&#8220; global_colors_info=&#8220;{}&#8220;]<\/p>\n<h4><strong>Fj\u00e4lltouren<\/strong><\/h4>\n<p>Die Fr\u00fchlingssonne r\u00fcckt dem Schnee in den T\u00e4lern zu Leibe, die Tage sind voller Licht, und die ersten Hunde beginnen schon mit dem Fellwechsel. Dann ist es Zeit f\u00fcr den H\u00f6hepunkt und den Abschlu\u00df der Saison: Wir fahren ins Fj\u00e4ll und lassen uns von der atemberaubenden Kulisse schneebedeckter Berge beeindrucken. Erleben Sie mit uns eine unvergessliche Wintertour in Lapplands Wildnis.<\/p>\n<p>Am Anreisetag lernen Sie unser Camp und unsere Huskys kennen, und wir besprechen die ersten Einzelheiten f\u00fcr die n\u00e4chsten Tage.<br \/>Der zweite Tag ist ausgef\u00fcllt mit den Vorbereitungen der Tour. Sie machen sich vertraut mit Geschirren, Leinen und Schlitten und Ihrem Husky-Team. Auf einer ersten Trainingstour gew\u00f6hnen Sie sich an den Schlitten und sein Fahrverhalten und erleben Ihr Team erstmals in Aktion. Wir teilen Gep\u00e4ck und Ausr\u00fcstungsgegenst\u00e4nde auf und besprechen die Wetterlage, da wir unsere Tourplanung auch von der jeweiligen Wetter- und Schneesituation abh\u00e4ngig machen.<br \/>Am n\u00e4chsten Morgen verladen wir Hunde, Schlitten und Ausr\u00fcstung und steuern unseren Ausgangspunkt am Fu\u00dfe des Fj\u00e4lls an. Wir sp\u00fcren die Begeisterung der Hunde. Mit dem Klicken des Startkarabiners verabschieden wir uns f\u00fcr vier Tage aus der Zivilisation und sind mit uns und den Hunden allein. Schon bald liegt die Baumgrenze hinter uns und faszinierende Bergpanoramen belohnen uns f\u00fcr die M\u00fchen des Aufstieges.<br \/>Teamarbeit wird dabei zum Schl\u00fcssel des Erlebnisses und des Erfolges. Ab und an ist es notwendig, den Hunden im Tiefschnee oder am Berg zu helfen.<br \/>Wir \u00fcbernachten in Zelten und in Wildh\u00fctten, hacken Holz f\u00fcrs Feuer und schmelzen unser Wasser aus Schnee.<br \/>Mit ein bi\u00dfchen Gl\u00fcck beleuchten Polarlichter die Zeltnacht, wir sind ein Teil dieser Bergwelt geworden.<br \/>Am vierten Tourtag f\u00fchrt uns unser Trail in die Annehmlichkeiten der Zivilisation zur\u00fcck.<br \/>F\u00fcr Schlechtwettersituationen haben wir einen Reservetag eingeplant.<\/p>\n<p>Im Camp erwarten uns die Holzofensauna und ein gem\u00fctliches Abendessen. Wir haben Zeit, die Erlebnisse der letzten Tage zu verarbeiten und nat\u00fcrlich jede Menge Geschichten zu erz\u00e4hlen.<\/p>\n<p><strong>Voraussetzungen<\/strong>:<br \/>Vorkenntnisse sind erforderlich.<br \/>Sie sollten \u00fcber k\u00f6rperliche Fitness und Ausdauer verf\u00fcgen und bei allen Wetterlagen auf dem Schlitten stehen wollen. F\u00fcr das Gelingen der Tour ist Teamarbeit wichtig.<\/p>\n<p><strong>Leistungen:<\/strong><br \/>Transfer vom\/zum Flughafen\u00a0<br \/>7 \u00dcbernachtungen (davon 3 in Zelten oder Wildh\u00fctten)<br \/>Vollpension<br \/>eigenes Schlittenhundegespann<br \/>Saunanutzung<\/p>\n<p>Die Fj\u00e4lltouren\u00a0 finden in Zusammenarbeit mit dem Huskycamp Gasa statt.<\/p>\n<p><strong>Nicht im Preis enthalten:<\/strong><br \/>Anreise<br \/>alkoholische Getr\u00e4nke<\/p>\n<p><strong>Termine und Preise:<\/strong><\/p>\n<p>22.03.-29.03.2024\u00a0 \u00a0 \u00a0 \u00a0 \u00a02150,00 Euro<br \/>02.04.-09.04.2024\u00a0 \u00a0 \u00a0 \u00a0 \u00a02150,00 Euro<\/p>\n<p><a href=\"https:\/\/huskycamp-nayeli.de\/cms\/kontakt\/\"><strong>Zur Buchungsanfrage<\/strong><\/a><\/p>\n<p>[\/et_pb_text][\/et_pb_column][\/et_pb_row][et_pb_row column_structure=&#8220;2_5,3_5&#8243; _builder_version=&#8220;4.16&#8243; _module_preset=&#8220;default&#8220; global_colors_info=&#8220;{}&#8220;][et_pb_column type=&#8220;2_5&#8243; _builder_version=&#8220;4.16&#8243; _module_preset=&#8220;default&#8220; global_colors_info=&#8220;{}&#8220;][\/et_pb_column][et_pb_column type=&#8220;3_5&#8243; _builder_version=&#8220;4.16&#8243; _module_preset=&#8220;default&#8220; global_colors_info=&#8220;{}&#8220;][\/et_pb_column][\/et_pb_row][et_pb_row column_structure=&#8220;2_5,3_5&#8243; _builder_version=&#8220;4.16&#8243; _module_preset=&#8220;default&#8220; global_colors_info=&#8220;{}&#8220;][et_pb_column type=&#8220;2_5&#8243; _builder_version=&#8220;4.16&#8243; _module_preset=&#8220;default&#8220; global_colors_info=&#8220;{}&#8220;][\/et_pb_column][et_pb_column type=&#8220;3_5&#8243; _builder_version=&#8220;4.16&#8243; _module_preset=&#8220;default&#8220; global_colors_info=&#8220;{}&#8220;][\/et_pb_column][\/et_pb_row][et_pb_row column_structure=&#8220;2_5,3_5&#8243; _builder_version=&#8220;4.16&#8243; _module_preset=&#8220;default&#8220; global_colors_info=&#8220;{}&#8220;][et_pb_column type=&#8220;2_5&#8243; _builder_version=&#8220;4.16&#8243; _module_preset=&#8220;default&#8220; global_colors_info=&#8220;{}&#8220;][\/et_pb_column][et_pb_column type=&#8220;3_5&#8243; _builder_version=&#8220;4.16&#8243; _module_preset=&#8220;default&#8220; global_colors_info=&#8220;{}&#8220;][\/et_pb_column][\/et_pb_row][\/et_pb_section]<\/p>\n","protected":false},"excerpt":{"rendered":"<p>Fj\u00e4lltouren Die Fr\u00fchlingssonne r\u00fcckt dem Schnee in den T\u00e4lern zu Leibe, die Tage sind voller Licht, und die ersten Hunde beginnen schon mit dem Fellwechsel. Dann ist es Zeit f\u00fcr den H\u00f6hepunkt und den Abschlu\u00df der Saison: Wir fahren ins Fj\u00e4ll und lassen uns von der atemberaubenden Kulisse schneebedeckter Berge beeindrucken. Erleben Sie mit uns [&hellip;]<\/p>\n","protected":false},"author":1,"featured_media":0,"parent":81,"menu_order":2,"comment_status":"closed","ping_status":"closed","template":"","meta":{"_et_pb_use_builder":"on","_et_pb_old_content":"","_et_gb_content_width":"","footnotes":""},"_links":{"self":[{"href":"https:\/\/huskycamp-nayeli.de\/index.php?rest_route=\/wp\/v2\/pages\/232"}],"collection":[{"href":"https:\/\/huskycamp-nayeli.de\/index.php?rest_route=\/wp\/v2\/pages"}],"about":[{"href":"https:\/\/huskycamp-nayeli.de\/index.php?rest_route=\/wp\/v2\/types\/page"}],"author":[{"embeddable":true,"href":"https:\/\/huskycamp-nayeli.de\/index.php?rest_route=\/wp\/v2\/users\/1"}],"replies":[{"embeddable":true,"href":"https:\/\/huskycamp-nayeli.de\/index.php?rest_route=%2Fwp%2Fv2%2Fcomments&post=232"}],"version-history":[{"count":14,"href":"https:\/\/huskycamp-nayeli.de\/index.php?rest_route=\/wp\/v2\/pages\/232\/revisions"}],"predecessor-version":[{"id":669,"href":"https:\/\/huskycamp-nayeli.de\/index.php?rest_route=\/wp\/v2\/pages\/232\/revisions\/669"}],"up":[{"embeddable":true,"href":"https:\/\/huskycamp-nayeli.de\/index.php?rest_route=\/wp\/v2\/pages\/81"}],"wp:attachment":[{"href":"https:\/\/huskycamp-nayeli.de\/index.php?rest_route=%2Fwp%2Fv2%2Fmedia&parent=232"}],"curies":[{"name":"wp","href":"https:\/\/api.w.org\/{rel}","templated":true}]}}