{"id":249,"date":"2020-10-12T18:56:38","date_gmt":"2020-10-12T18:56:38","guid":{"rendered":"https:\/\/huskycamp-nayeli.de\/cms\/?page_id=249"},"modified":"2023-04-29T09:36:58","modified_gmt":"2023-04-29T09:36:58","slug":"husky-tour-auf-raedern","status":"publish","type":"page","link":"https:\/\/huskycamp-nayeli.de\/?page_id=249","title":{"rendered":"Husky-Tour auf R\u00e4dern"},"content":{"rendered":"<p>[et_pb_section fb_built=&#8220;1&#8243; _builder_version=&#8220;4.16&#8243; _module_preset=&#8220;default&#8220; global_colors_info=&#8220;{}&#8220;][et_pb_row _builder_version=&#8220;4.16&#8243; _module_preset=&#8220;default&#8220; global_colors_info=&#8220;{}&#8220;][et_pb_column type=&#8220;4_4&#8243; _builder_version=&#8220;4.16&#8243; _module_preset=&#8220;default&#8220; global_colors_info=&#8220;{}&#8220;][et_pb_image src=&#8220;https:\/\/huskycamp-nayeli.de\/cms\/wp-content\/uploads\/2020\/11\/raedertitel1.jpg&#8220; title_text=&#8220;raedertitel1&#8243; align=&#8220;center&#8220; force_fullwidth=&#8220;on&#8220; _builder_version=&#8220;4.16&#8243; _module_preset=&#8220;default&#8220; global_colors_info=&#8220;{}&#8220;][\/et_pb_image][\/et_pb_column][\/et_pb_row][et_pb_row column_structure=&#8220;2_5,3_5&#8243; _builder_version=&#8220;4.16&#8243; _module_preset=&#8220;default&#8220; global_colors_info=&#8220;{}&#8220;][et_pb_column type=&#8220;2_5&#8243; _builder_version=&#8220;4.16&#8243; _module_preset=&#8220;default&#8220; global_colors_info=&#8220;{}&#8220;][et_pb_image src=&#8220;https:\/\/huskycamp-nayeli.de\/cms\/wp-content\/uploads\/2020\/10\/wagen2.jpg&#8220; title_text=&#8220;wagen2&#8243; align=&#8220;center&#8220; _builder_version=&#8220;4.16&#8243; _module_preset=&#8220;default&#8220; global_colors_info=&#8220;{}&#8220;][\/et_pb_image][et_pb_image src=&#8220;https:\/\/huskycamp-nayeli.de\/cms\/wp-content\/uploads\/2020\/11\/raeder2.jpg&#8220; title_text=&#8220;raeder2&#8243; align=&#8220;center&#8220; _builder_version=&#8220;4.16&#8243; _module_preset=&#8220;default&#8220; global_colors_info=&#8220;{}&#8220;][\/et_pb_image][\/et_pb_column][et_pb_column type=&#8220;3_5&#8243; _builder_version=&#8220;4.16&#8243; _module_preset=&#8220;default&#8220; global_colors_info=&#8220;{}&#8220;][et_pb_text _builder_version=&#8220;4.16&#8243; _module_preset=&#8220;default&#8220; global_colors_info=&#8220;{}&#8220;]<\/p>\n<h4><strong>Husky-Tour auf R\u00e4dern<\/strong><\/h4>\n<p>Wem das Husky-Trekking zu gem\u00e4chlich ist, f\u00fcr den gibt es unsere actiongeladene Husky-Tour im Trainingswagen.<br \/>F\u00fchlen Sie sich einen halben Tag wie ein echter Musher (Schlittenhundef\u00fchrer) und erleben Sie die Kraft, die unser Husky-Rudel entwickelt, wenn es den Trainingswagen durch die schwedische Idylle zieht. Der Bewegungsdrang der Hunde ist wahrlich beeindruckend.<\/p>\n<p>In unserem Trainingswagen haben bis zu 2 Personen Platz. Ob nur eine oder zwei Personen mitfahren k\u00f6nnen, h\u00e4ngt von der Gr\u00f6\u00dfe und dem Gewicht der Mitfahrenden ab.<\/p>\n<p>Bei Ankunft lernen Sie zun\u00e4chst unsere Huskys kennen und dann werden sie f\u00fcr die Fahrt vorbereitet. Wir legen ihnen das Geschirr an und bereiten den Trainingswagen vor. Vor dem Start wird es spannend. Die Hunde zeigen meist durch lautes Geheule, dass Sie endlich los m\u00f6chten.<\/p>\n<p>Bei der rasanten Fahrt lehnen Sie sich zur\u00fcck und genie\u00dfen die frische Luft und die reizvolle Umgebung der schwedischen Natur. Es\u00a0 gibt gen\u00fcgend Gelegenheit, mehr \u00fcber das Leben und Wesen der faszinierenden Schlittenhunde zu lernen. Das Zusammenspiel von Mensch und Hund in dieser nat\u00fcrlichen Umgebung ist nicht nur ein Erlebnis f\u00fcr die Mitfahrer.<\/p>\n<p>Weil unsere Huskys zum Teil aus dem Tierschutz kommen und wir ihnen eine artgerechte Haltung erm\u00f6glichen, ist es umso sch\u00f6ner zu sehen, wie die Tiere ihren angeborenen Bewegungsdrang ausleben und eine fordernde Aufgabe haben.<br \/>Seien Sie Teil dieses au\u00dfergew\u00f6hnlichen Erlebnisses.<\/p>\n<p>Ideal f\u00fcr alle Huskyfreunde und die, die es noch werden m\u00f6chten.<\/p>\n<p><strong>Husky-Tour auf R\u00e4dern:<\/strong><\/p>\n<ul>\n<li><strong>Teilnehmer:<\/strong> Max. 2 im Trainingswagen (gr\u00f6\u00dfen- und gewichtsabh\u00e4ngig);<\/li>\n<li>12-15 km Tour<\/li>\n<li><strong>Dauer:<\/strong> ca. 3 Stunden (inkl. Kennenlernen, Vorab-Informationen, Einspannen, Tour, Hunde versorgen, Kaffee und Kuchen)<\/li>\n<li><strong>Preis:<\/strong> 140,00 Euro pro Teilnehmer<\/li>\n<\/ul>\n<p>&nbsp;<\/p>\n<p>\u00a0 \u00a0 \u00a0 \u00a0 \u00a0 <a href=\"https:\/\/huskycamp-nayeli.de\/cms\/index.php\/kontakt\/\"><strong>\u00a0Zur Buchungsanfrage<\/strong><\/a><\/p>\n<p>&nbsp;<\/p>\n<p>[\/et_pb_text][\/et_pb_column][\/et_pb_row][\/et_pb_section]<\/p>\n","protected":false},"excerpt":{"rendered":"<p>Husky-Tour auf R\u00e4dern Wem das Husky-Trekking zu gem\u00e4chlich ist, f\u00fcr den gibt es unsere actiongeladene Husky-Tour im Trainingswagen.F\u00fchlen Sie sich einen halben Tag wie ein echter Musher (Schlittenhundef\u00fchrer) und erleben Sie die Kraft, die unser Husky-Rudel entwickelt, wenn es den Trainingswagen durch die schwedische Idylle zieht. Der Bewegungsdrang der Hunde ist wahrlich beeindruckend. In unserem [&hellip;]<\/p>\n","protected":false},"author":1,"featured_media":0,"parent":81,"menu_order":3,"comment_status":"closed","ping_status":"closed","template":"","meta":{"_et_pb_use_builder":"on","_et_pb_old_content":"","_et_gb_content_width":"","footnotes":""},"_links":{"self":[{"href":"https:\/\/huskycamp-nayeli.de\/index.php?rest_route=\/wp\/v2\/pages\/249"}],"collection":[{"href":"https:\/\/huskycamp-nayeli.de\/index.php?rest_route=\/wp\/v2\/pages"}],"about":[{"href":"https:\/\/huskycamp-nayeli.de\/index.php?rest_route=\/wp\/v2\/types\/page"}],"author":[{"embeddable":true,"href":"https:\/\/huskycamp-nayeli.de\/index.php?rest_route=\/wp\/v2\/users\/1"}],"replies":[{"embeddable":true,"href":"https:\/\/huskycamp-nayeli.de\/index.php?rest_route=%2Fwp%2Fv2%2Fcomments&post=249"}],"version-history":[{"count":9,"href":"https:\/\/huskycamp-nayeli.de\/index.php?rest_route=\/wp\/v2\/pages\/249\/revisions"}],"predecessor-version":[{"id":666,"href":"https:\/\/huskycamp-nayeli.de\/index.php?rest_route=\/wp\/v2\/pages\/249\/revisions\/666"}],"up":[{"embeddable":true,"href":"https:\/\/huskycamp-nayeli.de\/index.php?rest_route=\/wp\/v2\/pages\/81"}],"wp:attachment":[{"href":"https:\/\/huskycamp-nayeli.de\/index.php?rest_route=%2Fwp%2Fv2%2Fmedia&parent=249"}],"curies":[{"name":"wp","href":"https:\/\/api.w.org\/{rel}","templated":true}]}}