{"id":266,"date":"2020-10-12T19:13:42","date_gmt":"2020-10-12T19:13:42","guid":{"rendered":"https:\/\/huskycamp-nayeli.de\/cms\/?page_id=266"},"modified":"2024-05-23T08:35:14","modified_gmt":"2024-05-23T08:35:14","slug":"husky-trekking","status":"publish","type":"page","link":"https:\/\/huskycamp-nayeli.de\/?page_id=266","title":{"rendered":"Husky-Trekking"},"content":{"rendered":"<p>[et_pb_section fb_built=&#8220;1&#8243; _builder_version=&#8220;4.16&#8243; _module_preset=&#8220;default&#8220; global_colors_info=&#8220;{}&#8220;][et_pb_row _builder_version=&#8220;4.16&#8243; _module_preset=&#8220;default&#8220; global_colors_info=&#8220;{}&#8220;][et_pb_column type=&#8220;4_4&#8243; _builder_version=&#8220;4.16&#8243; _module_preset=&#8220;default&#8220; global_colors_info=&#8220;{}&#8220;][et_pb_image src=&#8220;https:\/\/huskycamp-nayeli.de\/cms\/wp-content\/uploads\/2020\/11\/trekkingtitel2.jpg&#8220; title_text=&#8220;trekkingtitel2&#8243; align=&#8220;center&#8220; force_fullwidth=&#8220;on&#8220; _builder_version=&#8220;4.16&#8243; _module_preset=&#8220;default&#8220; global_colors_info=&#8220;{}&#8220;][\/et_pb_image][\/et_pb_column][\/et_pb_row][et_pb_row column_structure=&#8220;2_5,3_5&#8243; _builder_version=&#8220;4.16&#8243; _module_preset=&#8220;default&#8220; global_colors_info=&#8220;{}&#8220;][et_pb_column type=&#8220;2_5&#8243; _builder_version=&#8220;4.16&#8243; _module_preset=&#8220;default&#8220; global_colors_info=&#8220;{}&#8220;][et_pb_image src=&#8220;https:\/\/huskycamp-nayeli.de\/cms\/wp-content\/uploads\/2020\/11\/trekking5.jpg&#8220; title_text=&#8220;trekking5&#8243; align=&#8220;center&#8220; _builder_version=&#8220;4.16&#8243; _module_preset=&#8220;default&#8220; global_colors_info=&#8220;{}&#8220;][\/et_pb_image][et_pb_image src=&#8220;https:\/\/huskycamp-nayeli.de\/cms\/wp-content\/uploads\/2020\/11\/trekking2.jpg&#8220; title_text=&#8220;trekking2&#8243; align=&#8220;center&#8220; _builder_version=&#8220;4.16&#8243; _module_preset=&#8220;default&#8220; global_colors_info=&#8220;{}&#8220;][\/et_pb_image][et_pb_image src=&#8220;https:\/\/huskycamp-nayeli.de\/cms\/wp-content\/uploads\/2020\/11\/trekking3.jpg&#8220; title_text=&#8220;trekking3&#8243; align=&#8220;center&#8220; _builder_version=&#8220;4.16&#8243; _module_preset=&#8220;default&#8220; global_colors_info=&#8220;{}&#8220;][\/et_pb_image][et_pb_image src=&#8220;https:\/\/huskycamp-nayeli.de\/cms\/wp-content\/uploads\/2021\/05\/trekkingneu2.jpg&#8220; title_text=&#8220;trekkingneu2&#8243; align=&#8220;center&#8220; _builder_version=&#8220;4.16&#8243; _module_preset=&#8220;default&#8220; global_colors_info=&#8220;{}&#8220;][\/et_pb_image][et_pb_image src=&#8220;https:\/\/huskycamp-nayeli.de\/cms\/wp-content\/uploads\/2021\/05\/trekkingneu1.jpg&#8220; title_text=&#8220;trekkingneu1&#8243; align=&#8220;center&#8220; _builder_version=&#8220;4.16&#8243; _module_preset=&#8220;default&#8220; global_colors_info=&#8220;{}&#8220;][\/et_pb_image][\/et_pb_column][et_pb_column type=&#8220;3_5&#8243; _builder_version=&#8220;4.16&#8243; _module_preset=&#8220;default&#8220; global_colors_info=&#8220;{}&#8220;][et_pb_text _builder_version=&#8220;4.16&#8243; _module_preset=&#8220;default&#8220; global_colors_info=&#8220;{}&#8220;]<\/p>\n<h4><strong>Husky-Trekking<\/strong><\/h4>\n<h5>Schaffen Sie bleibende Erinnerungen bei einer Husky- Wanderung in den Weiten Lapplands<\/h5>\n<p>Erleben Sie die beeindruckende Natur Nordschwedens im Einklang mit unseren Huskys. Genie\u00dfen Sie die Stille und unber\u00fchrte Weite n\u00f6rdlich des Polarkreises. Ganz gleich, ob in den hellen Sommermonaten oder im Herbst bei\u00a0 leuchtenden Tundren und schneebedeckten Birkenw\u00e4lder.<br \/>Sie bilden mit einem Husky aus unserem Rudel ein Gespann. \u00dcber einen Bauchgurt bleiben Sie f\u00fcr die komplette Dauer der Wanderung mit \u201eIhrem\u201c Husky \u00a0verbunden. Gerne d\u00fcrfen nat\u00fcrlich auch Begleitpersonen ohne Hund mit von der Partie sein.<br \/>Die faszinierenden Hunde werden auch Sie mit Ihrer aufgeschlossenen Art und Ihrer Energie begeistern. Lernen Sie nach Ihrer Ankunft zun\u00e4chst unser 20-k\u00f6pfiges Rudel, das zum Teil auch aus dem Tierschutz und aus 2. Hand stammt, n\u00e4her kennen. Nehmen Sie ersten Kontakt auf. Meist werden hier schon die ersten Sympathiepunkte verteilt und \u201eFreundschaften\u201c geschlossen. Erfahren Sie im Rahmen der Wanderung viel Wissenswertes \u00fcber Hundesprache und -verhalten.<\/p>\n<p><strong>Husky-Trekking ist mehr als nur Wandern mit Hund<br \/><\/strong><br \/>Weil Sie als Team unterwegs sind, stellt sich automatisch die Frage, was F\u00fchrung im Mensch-Hund-Rudel eigentlich bedeutet. Wie verh\u00e4lt sich das Tier? Wie der Mensch? Wie bringt man beides in Einklang? Diese grundlegenden Fragen liefern auch viele Impulse f\u00fcr das Verhalten gegen\u00fcber (anderen) Hunden im Alltag.<br \/>Nach der Wanderung kehren wir zur\u00fcck und versorgen die Hunde. Bei einem kleinen Imbiss ist noch Zeit, ein wenig nachzusp\u00fcren, sich auszutauschen und die Eindr\u00fccke des Tages Revue passieren zu lassen.<\/p>\n<p><strong>Husky-Trekking:<\/strong><\/p>\n<ul>\n<li><strong>Teilnehmer:<\/strong> mind.<\/li>\n<li><strong>Dauer:<\/strong> 3 Stunden (inkl. Vorab-Informationen, Wanderung, Hunde versorgen, Imbiss)<\/li>\n<li><strong>Preis:<\/strong> 850 SEK pro Teilnehmer mit F\u00fchrung eines Huskys<br \/>450 SEK pro Begleitperson ohne Hund<\/li>\n<\/ul>\n<p><strong>Anmerkungen:<\/strong><\/p>\n<ul>\n<li>Eine Teilnahme ist ab 10 Jahren m\u00f6glich. Kinder und Jugendliche k\u00f6nnen stets nur in Begleitung eines Erwachsenen teilnehmen.<\/li>\n<li>F\u00fcr die Husky-Wanderung sollten Sie in einer normalen, gesunden k\u00f6rperlichen Verfassung sein und selbstverst\u00e4ndlich keine Hundehaarallergie haben.<\/li>\n<li>Achten Sie auf wettergerechte Kleidung und festes Schuhwerk.\n<p><strong><a href=\"https:\/\/huskycamp-nayeli.de\/cms\/index.php\/kontakt\/\">Zur Buchungsanfrage<\/a><\/strong><\/p>\n<\/li>\n<\/ul>\n<p>&nbsp;<\/p>\n<p>&nbsp;<\/p>\n<p>[\/et_pb_text][\/et_pb_column][\/et_pb_row][\/et_pb_section]<\/p>\n","protected":false},"excerpt":{"rendered":"<p>Husky-Trekking Schaffen Sie bleibende Erinnerungen bei einer Husky- Wanderung in den Weiten Lapplands Erleben Sie die beeindruckende Natur Nordschwedens im Einklang mit unseren Huskys. Genie\u00dfen Sie die Stille und unber\u00fchrte Weite n\u00f6rdlich des Polarkreises. Ganz gleich, ob in den hellen Sommermonaten oder im Herbst bei\u00a0 leuchtenden Tundren und schneebedeckten Birkenw\u00e4lder.Sie bilden mit einem Husky aus [&hellip;]<\/p>\n","protected":false},"author":1,"featured_media":0,"parent":81,"menu_order":4,"comment_status":"closed","ping_status":"closed","template":"","meta":{"_et_pb_use_builder":"on","_et_pb_old_content":"","_et_gb_content_width":"","footnotes":""},"_links":{"self":[{"href":"https:\/\/huskycamp-nayeli.de\/index.php?rest_route=\/wp\/v2\/pages\/266"}],"collection":[{"href":"https:\/\/huskycamp-nayeli.de\/index.php?rest_route=\/wp\/v2\/pages"}],"about":[{"href":"https:\/\/huskycamp-nayeli.de\/index.php?rest_route=\/wp\/v2\/types\/page"}],"author":[{"embeddable":true,"href":"https:\/\/huskycamp-nayeli.de\/index.php?rest_route=\/wp\/v2\/users\/1"}],"replies":[{"embeddable":true,"href":"https:\/\/huskycamp-nayeli.de\/index.php?rest_route=%2Fwp%2Fv2%2Fcomments&post=266"}],"version-history":[{"count":16,"href":"https:\/\/huskycamp-nayeli.de\/index.php?rest_route=\/wp\/v2\/pages\/266\/revisions"}],"predecessor-version":[{"id":681,"href":"https:\/\/huskycamp-nayeli.de\/index.php?rest_route=\/wp\/v2\/pages\/266\/revisions\/681"}],"up":[{"embeddable":true,"href":"https:\/\/huskycamp-nayeli.de\/index.php?rest_route=\/wp\/v2\/pages\/81"}],"wp:attachment":[{"href":"https:\/\/huskycamp-nayeli.de\/index.php?rest_route=%2Fwp%2Fv2%2Fmedia&parent=266"}],"curies":[{"name":"wp","href":"https:\/\/api.w.org\/{rel}","templated":true}]}}