{"id":286,"date":"2020-10-12T20:40:48","date_gmt":"2020-10-12T20:40:48","guid":{"rendered":"https:\/\/huskycamp-nayeli.de\/cms\/?page_id=286"},"modified":"2021-10-10T17:58:42","modified_gmt":"2021-10-10T17:58:42","slug":"ueber-uns","status":"publish","type":"page","link":"https:\/\/huskycamp-nayeli.de\/?page_id=286","title":{"rendered":"\u00dcber uns"},"content":{"rendered":"<p>[et_pb_section fb_built=&#8220;1&#8243; _builder_version=&#8220;4.6.5&#8243; _module_preset=&#8220;default&#8220; global_colors_info=&#8220;{}&#8220;][et_pb_row _builder_version=&#8220;4.6.6&#8243; _module_preset=&#8220;default&#8220; global_colors_info=&#8220;{}&#8220;][et_pb_column type=&#8220;4_4&#8243; _builder_version=&#8220;4.6.5&#8243; _module_preset=&#8220;default&#8220; global_colors_info=&#8220;{}&#8220;][et_pb_image src=&#8220;https:\/\/huskycamp-nayeli.de\/cms\/wp-content\/uploads\/2020\/10\/ueberunstitel.jpg&#8220; title_text=&#8220;ueberunstitel&#8220; _builder_version=&#8220;4.6.6&#8243; _module_preset=&#8220;default&#8220; global_colors_info=&#8220;{}&#8220;][\/et_pb_image][\/et_pb_column][\/et_pb_row][et_pb_row column_structure=&#8220;3_5,2_5&#8243; _builder_version=&#8220;4.6.5&#8243; _module_preset=&#8220;default&#8220; global_colors_info=&#8220;{}&#8220;][et_pb_column type=&#8220;3_5&#8243; _builder_version=&#8220;4.6.5&#8243; _module_preset=&#8220;default&#8220; global_colors_info=&#8220;{}&#8220;][et_pb_text _builder_version=&#8220;4.6.5&#8243; _module_preset=&#8220;default&#8220; global_colors_info=&#8220;{}&#8220;]<\/p>\n<h4><strong>Vorgestellt<\/strong><\/h4>\n<h5><strong>Karine Mastroleo<\/strong><\/h5>\n<p>Seit meiner Kindheit begleiten mich Hunde und insbesondere Huskys auf meinem Lebensweg. Fr\u00fch schon wollte ich wissen, wie Hunde f\u00fchlen und vor allem wie sie lernen. Was das Verh\u00e4ltnis zwischen Mensch und Tier ausmacht. Wie man es verbessern kann. Wie man effektiver miteinander kommuniziert. Und immer schon war es mein Traum, einmal mit zahlreichen Huskys zu leben und zu arbeiten.<\/p>\n<p>Seit 2004 bin ich ausgebildete, auf Hunde spezialisierte Tierpsychologin (ATN) und habe in unz\u00e4hligen Weiterbildungen und nicht zuletzt als Leiterin eines Hundezentrums im Saarland meine Expertise im Bereich Hundeerziehung stetig erweitern k\u00f6nnen. Und das tue ich bis heute, denn man lernt niemals aus.<\/p>\n<p>Insbesondere ab 2015 habe ich mein Engagement f\u00fcr die Zughundearbeit und das Mushing wieder intensiviert. Mein Husky-Rudel wuchs.<\/p>\n<p>2017 kam die Initialz\u00fcndung f\u00fcr das Huskycamp \u201eNayeli\u201c. Namensgeberin des Camps ist die H\u00fcndin, die ich damals in Schweden abholte. Und da war es um mich geschehen. Sowohl Nayeli als auch das Land begeisterten mich ungemein. Die Weite. Diese Stille, die sich auch aufs Innere \u00fcbertr\u00e4gt \u2026<\/p>\n<p>Ich wusste: Hier werde ich mein Camp aufbauen! Gesagt, getan und heute hei\u00dfe ich Sie im Huskycamp Nayeli willkommen. Hier finden Sie aufregende Schlittenhund-Touren, eine fantastische Landschaft und Trainings, in denen stets die Mensch-Tier-Kommunikation im Mittelpunkt steht.<\/p>\n<p>Ich freue mich, Sie kennenzulernen.<\/p>\n<p>[\/et_pb_text][\/et_pb_column][et_pb_column type=&#8220;2_5&#8243; _builder_version=&#8220;4.6.5&#8243; _module_preset=&#8220;default&#8220; global_colors_info=&#8220;{}&#8220;][et_pb_image src=&#8220;https:\/\/huskycamp-nayeli.de\/cms\/wp-content\/uploads\/2021\/10\/karine1.jpg&#8220; title_text=&#8220;karine1&#8243; _builder_version=&#8220;4.11.2&#8243; _module_preset=&#8220;default&#8220; global_colors_info=&#8220;{}&#8220;][\/et_pb_image][et_pb_image src=&#8220;https:\/\/huskycamp-nayeli.de\/cms\/wp-content\/uploads\/2021\/10\/karine2.jpg&#8220; title_text=&#8220;karine2&#8243; _builder_version=&#8220;4.11.2&#8243; _module_preset=&#8220;default&#8220; hover_enabled=&#8220;0&#8243; global_colors_info=&#8220;{}&#8220; sticky_enabled=&#8220;0&#8243;][\/et_pb_image][et_pb_image src=&#8220;https:\/\/huskycamp-nayeli.de\/cms\/wp-content\/uploads\/2021\/10\/karine3.jpg&#8220; title_text=&#8220;karine3&#8243; _builder_version=&#8220;4.11.2&#8243; _module_preset=&#8220;default&#8220; hover_enabled=&#8220;0&#8243; global_colors_info=&#8220;{}&#8220; sticky_enabled=&#8220;0&#8243;][\/et_pb_image][\/et_pb_column][\/et_pb_row][\/et_pb_section]<\/p>\n","protected":false},"excerpt":{"rendered":"<p>Vorgestellt Karine Mastroleo Seit meiner Kindheit begleiten mich Hunde und insbesondere Huskys auf meinem Lebensweg. Fr\u00fch schon wollte ich wissen, wie Hunde f\u00fchlen und vor allem wie sie lernen. Was das Verh\u00e4ltnis zwischen Mensch und Tier ausmacht. Wie man es verbessern kann. Wie man effektiver miteinander kommuniziert. Und immer schon war es mein Traum, einmal [&hellip;]<\/p>\n","protected":false},"author":1,"featured_media":0,"parent":90,"menu_order":1,"comment_status":"closed","ping_status":"closed","template":"","meta":{"_et_pb_use_builder":"on","_et_pb_old_content":"","_et_gb_content_width":"","footnotes":""},"_links":{"self":[{"href":"https:\/\/huskycamp-nayeli.de\/index.php?rest_route=\/wp\/v2\/pages\/286"}],"collection":[{"href":"https:\/\/huskycamp-nayeli.de\/index.php?rest_route=\/wp\/v2\/pages"}],"about":[{"href":"https:\/\/huskycamp-nayeli.de\/index.php?rest_route=\/wp\/v2\/types\/page"}],"author":[{"embeddable":true,"href":"https:\/\/huskycamp-nayeli.de\/index.php?rest_route=\/wp\/v2\/users\/1"}],"replies":[{"embeddable":true,"href":"https:\/\/huskycamp-nayeli.de\/index.php?rest_route=%2Fwp%2Fv2%2Fcomments&post=286"}],"version-history":[{"count":11,"href":"https:\/\/huskycamp-nayeli.de\/index.php?rest_route=\/wp\/v2\/pages\/286\/revisions"}],"predecessor-version":[{"id":635,"href":"https:\/\/huskycamp-nayeli.de\/index.php?rest_route=\/wp\/v2\/pages\/286\/revisions\/635"}],"up":[{"embeddable":true,"href":"https:\/\/huskycamp-nayeli.de\/index.php?rest_route=\/wp\/v2\/pages\/90"}],"wp:attachment":[{"href":"https:\/\/huskycamp-nayeli.de\/index.php?rest_route=%2Fwp%2Fv2%2Fmedia&parent=286"}],"curies":[{"name":"wp","href":"https:\/\/api.w.org\/{rel}","templated":true}]}}