{"id":502,"date":"2020-11-11T20:51:20","date_gmt":"2020-11-11T20:51:20","guid":{"rendered":"https:\/\/huskycamp-nayeli.de\/cms\/?page_id=502"},"modified":"2020-11-11T21:14:12","modified_gmt":"2020-11-11T21:14:12","slug":"agb","status":"publish","type":"page","link":"https:\/\/huskycamp-nayeli.de\/?page_id=502","title":{"rendered":"AGB"},"content":{"rendered":"<p>[et_pb_section fb_built=&#8220;1&#8243; _builder_version=&#8220;3.22&#8243;][et_pb_row _builder_version=&#8220;3.25&#8243; background_size=&#8220;initial&#8220; background_position=&#8220;top_left&#8220; background_repeat=&#8220;repeat&#8220;][et_pb_column type=&#8220;4_4&#8243; _builder_version=&#8220;3.25&#8243; custom_padding=&#8220;|||&#8220; custom_padding__hover=&#8220;|||&#8220;][et_pb_text _builder_version=&#8220;4.6.6&#8243; background_size=&#8220;initial&#8220; background_position=&#8220;top_left&#8220; background_repeat=&#8220;repeat&#8220; hover_enabled=&#8220;0&#8243; sticky_enabled=&#8220;0&#8243;]<\/p>\n<p><strong>Allgemeine Reisebedingungen<\/strong><\/p>\n<p><strong>1.Buchung<\/strong><\/p>\n<p>Die Buchung der Reise und einzelner Reiseleistungen wird f\u00fcr Huskycamp Nayeli erst verbindlich, wenn sie dem Reisenden oder dem von ihm beauftragten Reiseb\u00fcro schriftlich best\u00e4tigt wurde.<\/p>\n<p><strong>2.Zahlung des Reisepreises<\/strong><\/p>\n<p>Nach Reisevertragsabschluss ist eine Anzahlung in H\u00f6he von 25 % des Reisepreises f\u00e4llig und der Restbetrag ist sp\u00e4testens 30 Tage vor Reiseantritt\u00a0 an Huskycamp Nayeli zu entrichten.<\/p>\n<p>Bei Buchungen, die weniger als 30 Tage vor Reiseantritt vorgenommen werden, ist der gesamte Reisepreis nach Erhalt der Reisebest\u00e4tigung sofort f\u00e4llig.<\/p>\n<p><strong>3.Vertragliche Leistungen \/ Leistungs\u00e4nderungen<\/strong><\/p>\n<p>Der Umfang der vertraglichen Leistungen ergibt sich aus den Leistungsbeschreibungen im Internetangebot von Huskycamp Nayeli und der Reisebest\u00e4tigung.<\/p>\n<p>Huskycamp Nayeli\u00a0ist berechtigt, aus Sicherheitsgr\u00fcnden ( wie z.B. aktuelle Wetterlage) \u00c4nderungen an der Reise oder einzelnen Reiseleistungen vorzunehmen.<\/p>\n<p><strong>4.R\u00fccktritt vor Reisebeginn<\/strong><\/p>\n<p>Der R\u00fccktritt vom Reisevertrag durch den Reisenden ist\u00a0 Huskycamp Nayeli schriftlich per Brief, Fax oder Mail mitzuteilen.<br \/>Folgende Stornierungsgeb\u00fchren entstehen dabei:<\/p>\n<p><strong>\u2013<\/strong> Bei R\u00fccktritt von der Reise bis 90 Tage vor Reiseantritt wird die laut Reisebeschreibung verlangte Anzahlung nicht zur\u00fcckerstattet.<br \/>\u2013 Bei R\u00fccktritt von der Reise ab dem 89. Tag und bis zum 60. Tag vor Reiseantritt hat der Reisende 60 % des Reisepreises zu bezahlen.<br \/><strong>\u2013<\/strong>\u00a0Bei R\u00fccktritt von der Reise ab dem 59. Tag und bis zum 30. Tag vor Reiseantritt hat der Reisende 80% des Reisepreises zu bezahlen.<br \/><strong>\u2013<\/strong>\u00a0Erfolgt der R\u00fccktritt sp\u00e4ter als 30 Tage vor Reiseantritt muss der Reisende den vollen Reisepreis bezahlen.<\/p>\n<p><strong>5.Versicherungen<\/strong><\/p>\n<p>In den Reiseangeboten von Huskycamp Nayeli sind keine Versicherungen (wie z.B. Reiser\u00fccktrittskostenversicherung, Unfallversicherung, Auslandskrankenversicherung) enthalten.<br \/>Wir empfehlen den Abschluss einer Reiser\u00fccktrittskostenversicherung bei Buchung der Reise.<\/p>\n<p><strong>6.Haftungsausschluss<\/strong><\/p>\n<p>Wir weisen ausdr\u00fccklich darauf hin, dass jeder Teilnehmer bei unseren Hundeschlitten-, Wagen- und Trekkingtouren auf eigenes Risiko f\u00e4hrt bzw. wandert.<br \/>Der Veranstalter \u00fcbernimmt keine Haftung f\u00fcr gesundheitliche Risiken des Teilnehmers im Zusammenhang mit der Teilnahme an der Veranstaltung, haftet nicht f\u00fcr Unf\u00e4lle, Verluste oder sonstige Sch\u00e4den w\u00e4hrend der Veranstaltung und \u00fcbernimmt keinerlei Haftung f\u00fcr eventuelles Fehlverhalten einzelner \/ mehrerer Teilnehmer.<br \/>Der Veranstalter ist von jeglicher Haftung ausgeschlossen. Davon ausgenommen ist die Haftung f\u00fcr Vorsatz oder grobes Verschulden.<\/p>\n<p>Der Reisende ist f\u00fcr Sch\u00e4den verantwortlich, die er durch Vers\u00e4umnis dem Veranstalter zuf\u00fcgt, z. B. indem er Anweisungen und Vorschriften missachtet. Der Reisende ist verpflichtet, f\u00fcr diese Sch\u00e4den aufzukommen.<\/p>\n<p>[\/et_pb_text][\/et_pb_column][\/et_pb_row][\/et_pb_section]<\/p>\n","protected":false},"excerpt":{"rendered":"<p>Allgemeine Reisebedingungen 1.Buchung Die Buchung der Reise und einzelner Reiseleistungen wird f\u00fcr Huskycamp Nayeli erst verbindlich, wenn sie dem Reisenden oder dem von ihm beauftragten Reiseb\u00fcro schriftlich best\u00e4tigt wurde. 2.Zahlung des Reisepreises Nach Reisevertragsabschluss ist eine Anzahlung in H\u00f6he von 25 % des Reisepreises f\u00e4llig und der Restbetrag ist sp\u00e4testens 30 Tage vor Reiseantritt\u00a0 an [&hellip;]<\/p>\n","protected":false},"author":1,"featured_media":0,"parent":0,"menu_order":0,"comment_status":"closed","ping_status":"closed","template":"","meta":{"_et_pb_use_builder":"on","_et_pb_old_content":"<p><strong>Allgemeine Reisebedingungen<\/strong><\/p><p><strong>1.Buchung<\/strong><\/p><p>Die Buchung der Reise und einzelner Reiseleistungen wird f\u00fcr Huskycamp Nayeli erst verbindlich, wenn sie dem Reisenden oder dem von ihm beauftragten Reiseb\u00fcro schriftlich best\u00e4tigt wurde.<\/p><p><strong>2.Zahlung des Reisepreises<\/strong><\/p><p>Nach Reisevertragsabschluss ist eine Anzahlung in H\u00f6he von 25 % des Reisepreises f\u00e4llig und der Restbetrag ist sp\u00e4testens 30 Tage vor Reiseantritt\u00a0 an Huskycamp Nayeli zu entrichten.<\/p><p>Bei Buchungen, die weniger als 30 Tage vor Reiseantritt vorgenommen werden, ist der gesamte Reisepreis nach Erhalt der Reisebest\u00e4tigung sofort f\u00e4llig.<\/p><p><strong>3.Vertragliche Leistungen \/ Leistungs\u00e4nderungen<\/strong><\/p><p>Der Umfang der vertraglichen Leistungen ergibt sich aus den Leistungsbeschreibungen im Internetangebot von Huskycamp Nayeli und der Reisebest\u00e4tigung.<\/p><p>Huskycamp Nayeli\u00a0ist berechtigt, aus Sicherheitsgr\u00fcnden ( wie z.B. aktuelle Wetterlage) \u00c4nderungen an der Reise oder einzelnen Reiseleistungen vorzunehmen.<\/p><p><strong>4.R\u00fccktritt vor Reisebeginn<\/strong><\/p><p>Der R\u00fccktritt vom Reisevertrag durch den Reisenden ist\u00a0 Huskycamp Nayeli schriftlich per Brief, Fax oder Mail mitzuteilen.<br \/>Folgende Stornierungsgeb\u00fchren entstehen dabei:<\/p><p><strong>\u2013<\/strong> Bei R\u00fccktritt von der Reise bis 90 Tage vor Reiseantritt wird die laut Reisebeschreibung verlangte Anzahlung nicht zur\u00fcckerstattet.<br \/>\u2013 Bei R\u00fccktritt von der Reise ab dem 89. Tag und bis zum 60. Tag vor Reiseantritt hat der Reisende 60 % des Reisepreises zu bezahlen.<br \/><strong>\u2013<\/strong>\u00a0Bei R\u00fccktritt von der Reise ab dem 59. Tag und bis zum 30. Tag vor Reiseantritt hat der Reisende 80% des Reisepreises zu bezahlen.<br \/><strong>\u2013<\/strong>\u00a0Erfolgt der R\u00fccktritt sp\u00e4ter als 30 Tage vor Reiseantritt muss der Reisende den vollen Reisepreis bezahlen.<\/p><p><strong>5.Versicherungen<\/strong><\/p><p>In den Reiseangeboten von Huskycamp Nayeli sind keine Versicherungen (wie z.B. Reiser\u00fccktrittskostenversicherung, Unfallversicherung, Auslandskrankenversicherung) enthalten.<br \/>Wir empfehlen den Abschluss einer Reiser\u00fccktrittskostenversicherung bei Buchung der Reise.<\/p><p><strong>6.Haftungsausschluss<\/strong><\/p><p>Wir weisen ausdr\u00fccklich darauf hin, dass jeder Teilnehmer bei unseren Hundeschlitten-, Wagen- und Trekkingtouren auf eigenes Risiko f\u00e4hrt bzw. wandert.<br \/>Der Veranstalter \u00fcbernimmt keine Haftung f\u00fcr gesundheitliche Risiken des Teilnehmers im Zusammenhang mit der Teilnahme an der Veranstaltung, haftet nicht f\u00fcr Unf\u00e4lle, Verluste oder sonstige Sch\u00e4den w\u00e4hrend der Veranstaltung und \u00fcbernimmt keinerlei Haftung f\u00fcr eventuelles Fehlverhalten einzelner \/ mehrerer Teilnehmer.<br \/>Der Veranstalter ist von jeglicher Haftung ausgeschlossen. Davon ausgenommen ist die Haftung f\u00fcr Vorsatz oder grobes Verschulden.<\/p><p>Der Reisende ist f\u00fcr Sch\u00e4den verantwortlich, die er durch Vers\u00e4umnis dem Veranstalter zuf\u00fcgt, z. B. indem er Anweisungen und Vorschriften missachtet. Der Reisende ist verpflichtet, f\u00fcr diese Sch\u00e4den aufzukommen.<\/p>","_et_gb_content_width":"","footnotes":""},"_links":{"self":[{"href":"https:\/\/huskycamp-nayeli.de\/index.php?rest_route=\/wp\/v2\/pages\/502"}],"collection":[{"href":"https:\/\/huskycamp-nayeli.de\/index.php?rest_route=\/wp\/v2\/pages"}],"about":[{"href":"https:\/\/huskycamp-nayeli.de\/index.php?rest_route=\/wp\/v2\/types\/page"}],"author":[{"embeddable":true,"href":"https:\/\/huskycamp-nayeli.de\/index.php?rest_route=\/wp\/v2\/users\/1"}],"replies":[{"embeddable":true,"href":"https:\/\/huskycamp-nayeli.de\/index.php?rest_route=%2Fwp%2Fv2%2Fcomments&post=502"}],"version-history":[{"count":3,"href":"https:\/\/huskycamp-nayeli.de\/index.php?rest_route=\/wp\/v2\/pages\/502\/revisions"}],"predecessor-version":[{"id":514,"href":"https:\/\/huskycamp-nayeli.de\/index.php?rest_route=\/wp\/v2\/pages\/502\/revisions\/514"}],"wp:attachment":[{"href":"https:\/\/huskycamp-nayeli.de\/index.php?rest_route=%2Fwp%2Fv2%2Fmedia&parent=502"}],"curies":[{"name":"wp","href":"https:\/\/api.w.org\/{rel}","templated":true}]}}