{"id":590,"date":"2021-09-25T14:12:36","date_gmt":"2021-09-25T14:12:36","guid":{"rendered":"https:\/\/huskycamp-nayeli.de\/?page_id=590"},"modified":"2025-05-27T18:01:09","modified_gmt":"2025-05-27T18:01:09","slug":"aktivwoche-herbst","status":"publish","type":"page","link":"https:\/\/huskycamp-nayeli.de\/?page_id=590","title":{"rendered":"Aktivwoche Herbst"},"content":{"rendered":"<p>[et_pb_section fb_built=&#8220;1&#8243; _builder_version=&#8220;4.16&#8243; _module_preset=&#8220;default&#8220; global_colors_info=&#8220;{}&#8220;][et_pb_row _builder_version=&#8220;4.16&#8243; _module_preset=&#8220;default&#8220; width=&#8220;100%&#8220; max_width=&#8220;2560px&#8220; global_colors_info=&#8220;{}&#8220;][et_pb_column type=&#8220;4_4&#8243; _builder_version=&#8220;4.16&#8243; _module_preset=&#8220;default&#8220; global_colors_info=&#8220;{}&#8220;][et_pb_image src=&#8220;https:\/\/huskycamp-nayeli.de\/cms\/wp-content\/uploads\/2020\/10\/titeltouren2.jpg&#8220; title_text=&#8220;titeltouren2&#8243; align=&#8220;center&#8220; force_fullwidth=&#8220;on&#8220; _builder_version=&#8220;4.16&#8243; _module_preset=&#8220;default&#8220; global_colors_info=&#8220;{}&#8220;][\/et_pb_image][\/et_pb_column][\/et_pb_row][et_pb_row column_structure=&#8220;2_5,3_5&#8243; _builder_version=&#8220;4.16&#8243; _module_preset=&#8220;default&#8220; global_colors_info=&#8220;{}&#8220;][et_pb_column type=&#8220;2_5&#8243; _builder_version=&#8220;4.16&#8243; _module_preset=&#8220;default&#8220; global_colors_info=&#8220;{}&#8220;][et_pb_image src=&#8220;https:\/\/huskycamp-nayeli.de\/cms\/wp-content\/uploads\/2021\/09\/herbstwoche1.jpg&#8220; title_text=&#8220;herbstwoche1&#8243; align=&#8220;center&#8220; _builder_version=&#8220;4.16&#8243; _module_preset=&#8220;default&#8220; global_colors_info=&#8220;{}&#8220;][\/et_pb_image][et_pb_image src=&#8220;https:\/\/huskycamp-nayeli.de\/cms\/wp-content\/uploads\/2021\/09\/herbstwoche5.jpg&#8220; title_text=&#8220;herbstwoche5&#8243; align=&#8220;center&#8220; _builder_version=&#8220;4.16&#8243; _module_preset=&#8220;default&#8220; global_colors_info=&#8220;{}&#8220;][\/et_pb_image][et_pb_image src=&#8220;https:\/\/huskycamp-nayeli.de\/cms\/wp-content\/uploads\/2021\/09\/herbstwoche4.jpg&#8220; title_text=&#8220;herbstwoche4&#8243; align=&#8220;center&#8220; _builder_version=&#8220;4.16&#8243; _module_preset=&#8220;default&#8220; global_colors_info=&#8220;{}&#8220;][\/et_pb_image][et_pb_image src=&#8220;https:\/\/huskycamp-nayeli.de\/cms\/wp-content\/uploads\/2021\/09\/herbstwoche3.jpg&#8220; title_text=&#8220;herbstwoche3&#8243; align=&#8220;center&#8220; _builder_version=&#8220;4.16&#8243; _module_preset=&#8220;default&#8220; global_colors_info=&#8220;{}&#8220;][\/et_pb_image][et_pb_image src=&#8220;https:\/\/huskycamp-nayeli.de\/cms\/wp-content\/uploads\/2021\/09\/herbstwoche2.jpg&#8220; title_text=&#8220;herbstwoche2&#8243; align=&#8220;center&#8220; _builder_version=&#8220;4.16&#8243; _module_preset=&#8220;default&#8220; global_colors_info=&#8220;{}&#8220;][\/et_pb_image][\/et_pb_column][et_pb_column type=&#8220;3_5&#8243; _builder_version=&#8220;4.16&#8243; _module_preset=&#8220;default&#8220; global_colors_info=&#8220;{}&#8220;][et_pb_text _builder_version=&#8220;4.27.4&#8243; _module_preset=&#8220;default&#8220; hover_enabled=&#8220;0&#8243; global_colors_info=&#8220;{}&#8220; sticky_enabled=&#8220;0&#8243;]<\/p>\n<h4><strong>Herbst-Aktivwoche<\/strong><\/h4>\n<p>Morgennebel und buntes Herbstlaub bringen den Indian Summer nach Lappland!<br \/>Das Sommerende ist in Sicht und der Trainingsbeginn mit unseren Hunden f\u00fcr die n\u00e4chste Wintersaison steht bevor.<\/p>\n<p>Wir bieten Ihnen die M\u00f6glichkeit, am Herbsttraining teilzunehmen und viel \u00fcber das Schlittenhundetraining und unsere Hunde zu lernen.<br \/>Sie k\u00f6nnen den unb\u00e4ndigen Laufwillen der Schlittenhunde erleben und sich von der Faszination dieses Teamworks einfangen lassen.<\/p>\n<p>Der lappl\u00e4ndische Herbst hat aber noch mehr zu bieten:<br \/>Erkunden Sie auf Wanderungen die Gegend um unser Camp mit Fl\u00fcssen und Seen, sammeln Beeren und Pilze, steigen auf verschiedene Berge oder genie\u00dfen einfach die Stille.<br \/>Und nat\u00fcrlich gibt es in dieser Zeit erste Chancen auf Polarlichter!<\/p>\n<p>Sie wohnen in einer kleinen Stuga (Blockh\u00fctte) mit K\u00fcchenzeile, Dusche und WC befinden sich im Haupthaus.<\/p>\n<p><strong>Verlauf der Aktivwoche:<\/strong><\/p>\n<p>1.Tag: Ankunft in Nattavaara, Abholung am Bahnhof, kennenlernen des Camp und der Huskys, \u00fcbernachten in der Stuga (Ferienh\u00fctte)<\/p>\n<p>2.-7.Tag: Die Durchf\u00fchrung der u.g. Touren und Aktivit\u00e4ten machen wir abh\u00e4ngig von der aktuellen Wetterlage, daher kann die Reihenfolge etwas variieren.<\/p>\n<p>8.Tag: Abreise, Transfer zum Bahnhof Nattavaara<\/p>\n<p>Da wir viel Zeit mit unseren Huskys verbringen, ist das Mitbringen eigener Hunde leider nicht m\u00f6glich<\/p>\n<p><strong>Leistungen:<\/strong><\/p>\n<ul>\n<li>7 Tage Aufenthalt im Huskycamp \/ \u00dcbernachtung in einer kleinen Blockh\u00fctte<\/li>\n<li>Willkommens-Essen-Korb<\/li>\n<li>1x gemeinsames Abendessen<\/li>\n<li>Selbstversorgung<\/li>\n<li>Transfer Nattavaara Bahnhof<\/li>\n<li>Transfer zum Tante Emma Laden im Ort<\/li>\n<li>deutsch- und franz\u00f6sischsprachiger Tourguide<\/li>\n<li>Huskys kuscheln und Mithilfe bei der t\u00e4glichen Versorgung der Hunde m\u00f6glich<\/li>\n<li>Huskywanderung mit unseren Senioren in Nattavaaraby ca. 5km<\/li>\n<li>Wanderung auf den Dundret in G\u00e4llivare<\/li>\n<li>2x Huskytour auf R\u00e4dern (12-15 k mit dem Trainingswagen), Teilnahme am Herbsttraining<\/li>\n<li>Ausflug Hakkasfallet mit Fika ( Kaffee und Kuchen)<\/li>\n<\/ul>\n<p><strong>Nicht im Preis enthalten:<\/strong><\/p>\n<ul>\n<li>Anreise<\/li>\n<li>alkoholische Getr\u00e4nke<\/li>\n<\/ul>\n<p><strong>Voraussetzungen:<\/strong><\/p>\n<ul>\n<li>Spa\u00df und Interesse an der Arbeit mit Hunden<\/li>\n<li>unsere Aktivwoche ist f\u00fcr Einsteiger geeignet<\/li>\n<\/ul>\n<p><strong>Preis:<\/strong>\u00a0 1315,00 Euro \/ Person<\/p>\n<p><a href=\"https:\/\/huskycamp-nayeli.de\/?page_id=102\"><strong>Zur Buchungsanfrage<\/strong><\/a><\/p>\n<p>&nbsp;<\/p>\n<p>&nbsp;<\/p>\n<p>&nbsp;<\/p>\n<p>&nbsp;<\/p>\n<p>[\/et_pb_text][\/et_pb_column][\/et_pb_row][\/et_pb_section]<\/p>\n","protected":false},"excerpt":{"rendered":"<p>Herbst-Aktivwoche Morgennebel und buntes Herbstlaub bringen den Indian Summer nach Lappland!Das Sommerende ist in Sicht und der Trainingsbeginn mit unseren Hunden f\u00fcr die n\u00e4chste Wintersaison steht bevor. Wir bieten Ihnen die M\u00f6glichkeit, am Herbsttraining teilzunehmen und viel \u00fcber das Schlittenhundetraining und unsere Hunde zu lernen.Sie k\u00f6nnen den unb\u00e4ndigen Laufwillen der Schlittenhunde erleben und sich von [&hellip;]<\/p>\n","protected":false},"author":1,"featured_media":0,"parent":81,"menu_order":0,"comment_status":"closed","ping_status":"closed","template":"","meta":{"_et_pb_use_builder":"on","_et_pb_old_content":"","_et_gb_content_width":"","footnotes":""},"_links":{"self":[{"href":"https:\/\/huskycamp-nayeli.de\/index.php?rest_route=\/wp\/v2\/pages\/590"}],"collection":[{"href":"https:\/\/huskycamp-nayeli.de\/index.php?rest_route=\/wp\/v2\/pages"}],"about":[{"href":"https:\/\/huskycamp-nayeli.de\/index.php?rest_route=\/wp\/v2\/types\/page"}],"author":[{"embeddable":true,"href":"https:\/\/huskycamp-nayeli.de\/index.php?rest_route=\/wp\/v2\/users\/1"}],"replies":[{"embeddable":true,"href":"https:\/\/huskycamp-nayeli.de\/index.php?rest_route=%2Fwp%2Fv2%2Fcomments&post=590"}],"version-history":[{"count":11,"href":"https:\/\/huskycamp-nayeli.de\/index.php?rest_route=\/wp\/v2\/pages\/590\/revisions"}],"predecessor-version":[{"id":704,"href":"https:\/\/huskycamp-nayeli.de\/index.php?rest_route=\/wp\/v2\/pages\/590\/revisions\/704"}],"up":[{"embeddable":true,"href":"https:\/\/huskycamp-nayeli.de\/index.php?rest_route=\/wp\/v2\/pages\/81"}],"wp:attachment":[{"href":"https:\/\/huskycamp-nayeli.de\/index.php?rest_route=%2Fwp%2Fv2%2Fmedia&parent=590"}],"curies":[{"name":"wp","href":"https:\/\/api.w.org\/{rel}","templated":true}]}}