{"id":90,"date":"2020-10-10T21:35:44","date_gmt":"2020-10-10T21:35:44","guid":{"rendered":"https:\/\/huskycamp-nayeli.de\/cms\/?page_id=90"},"modified":"2020-11-11T14:35:09","modified_gmt":"2020-11-11T14:35:09","slug":"unser-camp","status":"publish","type":"page","link":"https:\/\/huskycamp-nayeli.de\/?page_id=90","title":{"rendered":"Unser Camp"},"content":{"rendered":"<p>[et_pb_section fb_built=&#8220;1&#8243; _builder_version=&#8220;4.6.5&#8243; _module_preset=&#8220;default&#8220;][et_pb_row _builder_version=&#8220;4.6.6&#8243; _module_preset=&#8220;default&#8220;][et_pb_column type=&#8220;4_4&#8243; _builder_version=&#8220;4.6.6&#8243; _module_preset=&#8220;default&#8220;][et_pb_image src=&#8220;https:\/\/huskycamp-nayeli.de\/cms\/wp-content\/uploads\/2020\/11\/camptitel1.jpg&#8220; title_text=&#8220;camptitel1&#8243; align=&#8220;center&#8220; force_fullwidth=&#8220;on&#8220; _builder_version=&#8220;4.6.6&#8243; _module_preset=&#8220;default&#8220;][\/et_pb_image][\/et_pb_column][\/et_pb_row][et_pb_row column_structure=&#8220;1_3,1_3,1_3&#8243; _builder_version=&#8220;4.6.6&#8243; _module_preset=&#8220;default&#8220;][et_pb_column type=&#8220;1_3&#8243; _builder_version=&#8220;4.6.6&#8243; _module_preset=&#8220;default&#8220;][et_pb_image src=&#8220;https:\/\/huskycamp-nayeli.de\/cms\/wp-content\/uploads\/2020\/11\/camp1.jpg&#8220; title_text=&#8220;camp1&#8243; _builder_version=&#8220;4.6.6&#8243; _module_preset=&#8220;default&#8220;][\/et_pb_image][\/et_pb_column][et_pb_column type=&#8220;1_3&#8243; _builder_version=&#8220;4.6.6&#8243; _module_preset=&#8220;default&#8220;][et_pb_text _builder_version=&#8220;4.6.6&#8243; _module_preset=&#8220;default&#8220;]<\/p>\n<h4><strong>Unser Camp<\/strong><\/h4>\n<p>Unser Camp ist in der nordschwedischen Provinz Nottbottens l\u00e4n.<br \/>Nattavaara und By liegen n\u00f6rdlich des Polarkreises und geh\u00f6ren zu der Gemeinde G\u00e4llivare.<br \/>Der Venetjoki und R\u00e5ne Fluss flie\u00dfen durch das kleine Dorf mit ca 200 Einwohnern.<\/p>\n<p>Ein Handlarn (Tante Emma Laden) und ein Bahnhof befinden sich im Dorf.<br \/>Auch verschiedene Aktivit\u00e4ten sind in der Umgebung m\u00f6glich.<\/p>\n<p>Es ist so sch\u00f6n hier, die Natur pur und hautnah erleben zu k\u00f6nnen.<\/p>\n<p>V\u00e4lkommen till Nattavaaraby!<\/p>\n<p>&nbsp;<\/p>\n<p>&nbsp;<\/p>\n<p>[\/et_pb_text][\/et_pb_column][et_pb_column type=&#8220;1_3&#8243; _builder_version=&#8220;4.6.6&#8243; _module_preset=&#8220;default&#8220;][et_pb_image src=&#8220;https:\/\/huskycamp-nayeli.de\/cms\/wp-content\/uploads\/2020\/11\/camp5.jpg&#8220; title_text=&#8220;camp5&#8243; align=&#8220;right&#8220; _builder_version=&#8220;4.6.6&#8243; _module_preset=&#8220;default&#8220; hover_enabled=&#8220;0&#8243; sticky_enabled=&#8220;0&#8243;][\/et_pb_image][et_pb_image src=&#8220;https:\/\/huskycamp-nayeli.de\/cms\/wp-content\/uploads\/2020\/11\/camp3.jpg&#8220; title_text=&#8220;camp3&#8243; align=&#8220;right&#8220; _builder_version=&#8220;4.6.6&#8243; _module_preset=&#8220;default&#8220;][\/et_pb_image][et_pb_image src=&#8220;https:\/\/huskycamp-nayeli.de\/cms\/wp-content\/uploads\/2020\/11\/camp4.jpg&#8220; title_text=&#8220;camp4&#8243; align=&#8220;right&#8220; _builder_version=&#8220;4.6.6&#8243; _module_preset=&#8220;default&#8220;][\/et_pb_image][\/et_pb_column][\/et_pb_row][\/et_pb_section]<\/p>\n","protected":false},"excerpt":{"rendered":"<p>Unser Camp Unser Camp ist in der nordschwedischen Provinz Nottbottens l\u00e4n.Nattavaara und By liegen n\u00f6rdlich des Polarkreises und geh\u00f6ren zu der Gemeinde G\u00e4llivare.Der Venetjoki und R\u00e5ne Fluss flie\u00dfen durch das kleine Dorf mit ca 200 Einwohnern. Ein Handlarn (Tante Emma Laden) und ein Bahnhof befinden sich im Dorf.Auch verschiedene Aktivit\u00e4ten sind in der Umgebung m\u00f6glich. [&hellip;]<\/p>\n","protected":false},"author":1,"featured_media":0,"parent":0,"menu_order":0,"comment_status":"closed","ping_status":"closed","template":"","meta":{"_et_pb_use_builder":"on","_et_pb_old_content":"","_et_gb_content_width":"","footnotes":""},"_links":{"self":[{"href":"https:\/\/huskycamp-nayeli.de\/index.php?rest_route=\/wp\/v2\/pages\/90"}],"collection":[{"href":"https:\/\/huskycamp-nayeli.de\/index.php?rest_route=\/wp\/v2\/pages"}],"about":[{"href":"https:\/\/huskycamp-nayeli.de\/index.php?rest_route=\/wp\/v2\/types\/page"}],"author":[{"embeddable":true,"href":"https:\/\/huskycamp-nayeli.de\/index.php?rest_route=\/wp\/v2\/users\/1"}],"replies":[{"embeddable":true,"href":"https:\/\/huskycamp-nayeli.de\/index.php?rest_route=%2Fwp%2Fv2%2Fcomments&post=90"}],"version-history":[{"count":8,"href":"https:\/\/huskycamp-nayeli.de\/index.php?rest_route=\/wp\/v2\/pages\/90\/revisions"}],"predecessor-version":[{"id":441,"href":"https:\/\/huskycamp-nayeli.de\/index.php?rest_route=\/wp\/v2\/pages\/90\/revisions\/441"}],"wp:attachment":[{"href":"https:\/\/huskycamp-nayeli.de\/index.php?rest_route=%2Fwp%2Fv2%2Fmedia&parent=90"}],"curies":[{"name":"wp","href":"https:\/\/api.w.org\/{rel}","templated":true}]}}